{"id":5519,"date":"2021-10-25T11:13:33","date_gmt":"2021-10-25T10:13:33","guid":{"rendered":"https:\/\/www.robor-nature.eu\/acerca-de-nosotros\/"},"modified":"2026-01-24T12:11:03","modified_gmt":"2026-01-24T11:11:03","slug":"acerca-de-nosotros","status":"publish","type":"page","link":"https:\/\/www.robor-nature.com\/es\/acerca-de-nosotros\/","title":{"rendered":"Acerca de nosotros"},"content":{"rendered":"\t\t<div data-elementor-type=\"wp-page\" data-elementor-id=\"5519\" class=\"elementor elementor-5519 elementor-129\" data-elementor-post-type=\"page\">\n\t\t\t\t\t\t<section class=\"elementor-section elementor-top-section elementor-element elementor-element-38b76e94 elementor-section-height-min-height elementor-section-boxed elementor-section-height-default elementor-section-items-middle\" data-id=\"38b76e94\" data-element_type=\"section\" data-e-type=\"section\" data-settings=\"{&quot;background_background&quot;:&quot;classic&quot;}\">\n\t\t\t\t\t\t\t<div class=\"elementor-background-overlay\"><\/div>\n\t\t\t\t\t\t\t<div class=\"elementor-container elementor-column-gap-default\">\n\t\t\t\t\t<div class=\"elementor-column elementor-col-100 elementor-top-column elementor-element elementor-element-7cf0ba8b\" data-id=\"7cf0ba8b\" data-element_type=\"column\" data-e-type=\"column\">\n\t\t\t<div class=\"elementor-widget-wrap elementor-element-populated\">\n\t\t\t\t\t\t<div class=\"elementor-element elementor-element-2806d796 elementor-widget elementor-widget-heading\" data-id=\"2806d796\" data-element_type=\"widget\" data-e-type=\"widget\" data-widget_type=\"heading.default\">\n\t\t\t\t<div class=\"elementor-widget-container\">\n\t\t\t\t\t<h3 class=\"elementor-heading-title elementor-size-default\">Acerca de nosotros<\/h3>\t\t\t\t<\/div>\n\t\t\t\t<\/div>\n\t\t\t\t<div class=\"elementor-element elementor-element-40b8f0b elementor-widget-divider--view-line_icon elementor-view-default elementor-widget-divider--element-align-center elementor-widget elementor-widget-divider\" data-id=\"40b8f0b\" data-element_type=\"widget\" data-e-type=\"widget\" data-widget_type=\"divider.default\">\n\t\t\t\t<div class=\"elementor-widget-container\">\n\t\t\t\t\t\t\t<div class=\"elementor-divider\">\n\t\t\t<span class=\"elementor-divider-separator\">\n\t\t\t\t\t\t\t<div class=\"elementor-icon elementor-divider__element\">\n\t\t\t\t\t<i aria-hidden=\"true\" class=\"fas fa-leaf\"><\/i><\/div>\n\t\t\t\t\t\t<\/span>\n\t\t<\/div>\n\t\t\t\t\t\t<\/div>\n\t\t\t\t<\/div>\n\t\t\t\t\t<\/div>\n\t\t<\/div>\n\t\t\t\t\t<\/div>\n\t\t<\/section>\n\t\t\t\t<section class=\"elementor-section elementor-top-section elementor-element elementor-element-29c73f92 elementor-section-boxed elementor-section-height-default elementor-section-height-default\" data-id=\"29c73f92\" data-element_type=\"section\" data-e-type=\"section\" data-settings=\"{&quot;background_background&quot;:&quot;classic&quot;}\">\n\t\t\t\t\t\t<div class=\"elementor-container elementor-column-gap-default\">\n\t\t\t\t\t<div class=\"elementor-column elementor-col-100 elementor-top-column elementor-element elementor-element-20578712\" data-id=\"20578712\" data-element_type=\"column\" data-e-type=\"column\">\n\t\t\t<div class=\"elementor-widget-wrap elementor-element-populated\">\n\t\t\t\t\t\t<section class=\"elementor-section elementor-inner-section elementor-element elementor-element-6e04fc49 elementor-section-boxed elementor-section-height-default elementor-section-height-default\" data-id=\"6e04fc49\" data-element_type=\"section\" data-e-type=\"section\">\n\t\t\t\t\t\t<div class=\"elementor-container elementor-column-gap-default\">\n\t\t\t\t\t<div class=\"elementor-column elementor-col-50 elementor-inner-column elementor-element elementor-element-2bbdf9c1\" data-id=\"2bbdf9c1\" data-element_type=\"column\" data-e-type=\"column\">\n\t\t\t<div class=\"elementor-widget-wrap elementor-element-populated\">\n\t\t\t\t\t\t<div class=\"elementor-element elementor-element-40c6394 elementor-widget elementor-widget-heading\" data-id=\"40c6394\" data-element_type=\"widget\" data-e-type=\"widget\" data-widget_type=\"heading.default\">\n\t\t\t\t<div class=\"elementor-widget-container\">\n\t\t\t\t\t<h3 class=\"elementor-heading-title elementor-size-default\">\u00bfQui\u00e9nes somos?<\/h3>\t\t\t\t<\/div>\n\t\t\t\t<\/div>\n\t\t\t\t<div class=\"elementor-element elementor-element-61587cf elementor-widget-divider--view-line_icon elementor-view-default elementor-widget-divider--element-align-center elementor-widget elementor-widget-divider\" data-id=\"61587cf\" data-element_type=\"widget\" data-e-type=\"widget\" data-widget_type=\"divider.default\">\n\t\t\t\t<div class=\"elementor-widget-container\">\n\t\t\t\t\t\t\t<div class=\"elementor-divider\">\n\t\t\t<span class=\"elementor-divider-separator\">\n\t\t\t\t\t\t\t<div class=\"elementor-icon elementor-divider__element\">\n\t\t\t\t\t<i aria-hidden=\"true\" class=\"fas fa-users\"><\/i><\/div>\n\t\t\t\t\t\t<\/span>\n\t\t<\/div>\n\t\t\t\t\t\t<\/div>\n\t\t\t\t<\/div>\n\t\t\t\t<div class=\"elementor-element elementor-element-81d00a8 elementor-widget elementor-widget-text-editor\" data-id=\"81d00a8\" data-element_type=\"widget\" data-e-type=\"widget\" data-widget_type=\"text-editor.default\">\n\t\t\t\t<div class=\"elementor-widget-container\">\n\t\t\t\t\t\t\t\t\t<blockquote>\n<p>Desde nuestra pasi\u00f3n por proteger la vida y la naturaleza de una manera \u00fanica, nos hemos especializado en conceptos innovadores relacionados con la naturaleza durante los \u00faltimos 10 a\u00f1os.<\/p>\n<\/blockquote>\n\t\t\t\t\t\t\t\t<\/div>\n\t\t\t\t<\/div>\n\t\t\t\t<div class=\"elementor-element elementor-element-370a3d62 elementor-widget elementor-widget-text-editor\" data-id=\"370a3d62\" data-element_type=\"widget\" data-e-type=\"widget\" data-widget_type=\"text-editor.default\">\n\t\t\t\t<div class=\"elementor-widget-container\">\n\t\t\t\t\t\t\t\t\t<p>En Robor Electronics desarrollamos aplicaciones electr\u00f3nicas y software para comprometernos con las personas, los animales y la naturaleza. Ante cualquier problema que se nos presente, analizamos qu\u00e9 podemos hacer y qu\u00e9 se nos ocurre. Se nos da bien idear cosas nuevas y encontrar soluciones innovadoras. La innovaci\u00f3n no solo consiste en crear cosas nuevas, sino tambi\u00e9n en crear cosas m\u00e1s inteligentes. Queremos que el m\u00e9todo de trabajo sea m\u00e1s eficiente que ayer.    <\/p>\n<p>Nos especializamos en tecnolog\u00eda de drones y sistemas de comunicaci\u00f3n inal\u00e1mbrica. Dentro de estas especializaciones, nos dedicamos a sensores, vuelo, detecci\u00f3n, localizaci\u00f3n y desarrollo de software. En cuanto a drones, trabajamos principalmente con la marca DJI, una marca grande, fiable y de alta calidad. Desarrollamos nosotros mismos todo tipo de aplicaciones y complementos para estos drones, como c\u00e1maras t\u00e9rmicas y software que hace que la aplicaci\u00f3n sea m\u00e1s eficiente.   <\/p>\n\t\t\t\t\t\t\t\t<\/div>\n\t\t\t\t<\/div>\n\t\t\t\t<div class=\"elementor-element elementor-element-475816a5 elementor-align-left elementor-mobile-align-center elementor-widget__width-auto elementor-widget-mobile__width-inherit elementor-widget elementor-widget-button\" data-id=\"475816a5\" data-element_type=\"widget\" data-e-type=\"widget\" data-settings=\"{&quot;_animation&quot;:&quot;none&quot;}\" data-widget_type=\"button.default\">\n\t\t\t\t<div class=\"elementor-widget-container\">\n\t\t\t\t\t\t\t\t\t<div class=\"elementor-button-wrapper\">\n\t\t\t\t\t<a class=\"elementor-button elementor-button-link elementor-size-md\" href=\"https:\/\/www.robor-nature.eu\/es\/contacto\/\">\n\t\t\t\t\t\t<span class=\"elementor-button-content-wrapper\">\n\t\t\t\t\t\t<span class=\"elementor-button-icon\">\n\t\t\t\t<i aria-hidden=\"true\" class=\"icon icon-phone-call2\"><\/i>\t\t\t<\/span>\n\t\t\t\t\t\t\t\t\t<span class=\"elementor-button-text\">Solicitar una demostraci\u00f3n<\/span>\n\t\t\t\t\t<\/span>\n\t\t\t\t\t<\/a>\n\t\t\t\t<\/div>\n\t\t\t\t\t\t\t\t<\/div>\n\t\t\t\t<\/div>\n\t\t\t\t\t<\/div>\n\t\t<\/div>\n\t\t\t\t<div class=\"elementor-column elementor-col-50 elementor-inner-column elementor-element elementor-element-74382035 elementor-hidden-tablet elementor-hidden-mobile\" data-id=\"74382035\" data-element_type=\"column\" data-e-type=\"column\" data-settings=\"{&quot;background_background&quot;:&quot;classic&quot;}\">\n\t\t\t<div class=\"elementor-widget-wrap elementor-element-populated\">\n\t\t\t\t\t\t<div class=\"elementor-element elementor-element-69b44820 elementor-widget elementor-widget-spacer\" data-id=\"69b44820\" data-element_type=\"widget\" data-e-type=\"widget\" data-widget_type=\"spacer.default\">\n\t\t\t\t<div class=\"elementor-widget-container\">\n\t\t\t\t\t\t\t<div class=\"elementor-spacer\">\n\t\t\t<div class=\"elementor-spacer-inner\"><\/div>\n\t\t<\/div>\n\t\t\t\t\t\t<\/div>\n\t\t\t\t<\/div>\n\t\t\t\t\t<\/div>\n\t\t<\/div>\n\t\t\t\t\t<\/div>\n\t\t<\/section>\n\t\t\t\t<div class=\"elementor-element elementor-element-b2b51c7 elementor-hidden-desktop elementor-widget elementor-widget-image\" data-id=\"b2b51c7\" data-element_type=\"widget\" data-e-type=\"widget\" data-widget_type=\"image.default\">\n\t\t\t\t<div class=\"elementor-widget-container\">\n\t\t\t\t\t\t\t\t\t\t\t\t\t\t\t<img fetchpriority=\"high\" decoding=\"async\" width=\"768\" height=\"553\" src=\"https:\/\/www.robor-nature.eu\/wp-content\/uploads\/2021\/11\/RN03-768x553.jpg\" class=\"attachment-medium_large size-medium_large wp-image-2541\" alt=\"\" srcset=\"https:\/\/www.robor-nature.eu\/wp-content\/uploads\/2021\/11\/RN03-768x553.jpg 768w, https:\/\/www.robor-nature.eu\/wp-content\/uploads\/2021\/11\/RN03-300x216.jpg 300w, https:\/\/www.robor-nature.eu\/wp-content\/uploads\/2021\/11\/RN03-1024x737.jpg 1024w, https:\/\/www.robor-nature.eu\/wp-content\/uploads\/2021\/11\/RN03-1536x1106.jpg 1536w\" sizes=\"(max-width: 768px) 100vw, 768px\" \/>\t\t\t\t\t\t\t\t\t\t\t\t\t\t\t<\/div>\n\t\t\t\t<\/div>\n\t\t\t\t\t<\/div>\n\t\t<\/div>\n\t\t\t\t\t<\/div>\n\t\t<\/section>\n\t\t\t\t<section class=\"elementor-section elementor-top-section elementor-element elementor-element-402253db elementor-section-boxed elementor-section-height-default elementor-section-height-default\" data-id=\"402253db\" data-element_type=\"section\" data-e-type=\"section\" data-settings=\"{&quot;background_background&quot;:&quot;classic&quot;}\">\n\t\t\t\t\t\t\t<div class=\"elementor-background-overlay\"><\/div>\n\t\t\t\t\t\t\t<div class=\"elementor-container elementor-column-gap-default\">\n\t\t\t\t\t<div class=\"elementor-column elementor-col-100 elementor-top-column elementor-element elementor-element-7fa4c4fc\" data-id=\"7fa4c4fc\" data-element_type=\"column\" data-e-type=\"column\">\n\t\t\t<div class=\"elementor-widget-wrap elementor-element-populated\">\n\t\t\t\t\t\t<div class=\"elementor-element elementor-element-71f9cf43 elementor-widget elementor-widget-heading\" data-id=\"71f9cf43\" data-element_type=\"widget\" data-e-type=\"widget\" data-widget_type=\"heading.default\">\n\t\t\t\t<div class=\"elementor-widget-container\">\n\t\t\t\t\t<h3 class=\"elementor-heading-title elementor-size-default\">\u00bfQu\u00e9 hacemos?<\/h3>\t\t\t\t<\/div>\n\t\t\t\t<\/div>\n\t\t\t\t<div class=\"elementor-element elementor-element-30241c63 elementor-widget-divider--view-line_icon elementor-view-default elementor-widget-divider--element-align-center elementor-widget elementor-widget-divider\" data-id=\"30241c63\" data-element_type=\"widget\" data-e-type=\"widget\" data-widget_type=\"divider.default\">\n\t\t\t\t<div class=\"elementor-widget-container\">\n\t\t\t\t\t\t\t<div class=\"elementor-divider\">\n\t\t\t<span class=\"elementor-divider-separator\">\n\t\t\t\t\t\t\t<div class=\"elementor-icon elementor-divider__element\">\n\t\t\t\t\t<i aria-hidden=\"true\" class=\"fas fa-leaf\"><\/i><\/div>\n\t\t\t\t\t\t<\/span>\n\t\t<\/div>\n\t\t\t\t\t\t<\/div>\n\t\t\t\t<\/div>\n\t\t\t\t<section class=\"elementor-section elementor-inner-section elementor-element elementor-element-50a30856 elementor-section-boxed elementor-section-height-default elementor-section-height-default\" data-id=\"50a30856\" data-element_type=\"section\" data-e-type=\"section\">\n\t\t\t\t\t\t<div class=\"elementor-container elementor-column-gap-default\">\n\t\t\t\t\t<div class=\"elementor-column elementor-col-100 elementor-inner-column elementor-element elementor-element-c4a0481\" data-id=\"c4a0481\" data-element_type=\"column\" data-e-type=\"column\" data-settings=\"{&quot;background_background&quot;:&quot;classic&quot;}\">\n\t\t\t<div class=\"elementor-widget-wrap elementor-element-populated\">\n\t\t\t\t\t\t<div class=\"elementor-element elementor-element-9255756 elementor-widget elementor-widget-text-editor\" data-id=\"9255756\" data-element_type=\"widget\" data-e-type=\"widget\" data-widget_type=\"text-editor.default\">\n\t\t\t\t<div class=\"elementor-widget-container\">\n\t\t\t\t\t\t\t\t\t<p>Robor Electronics desarrolla soluciones innovadoras como el Faunadrone y la jaula inteligente. El Faunadrone, por ejemplo, utiliza una c\u00e1mara termogr\u00e1fica para detectar y localizar r\u00e1pidamente cr\u00edas de ciervo y nidos de aves de pastizal. <\/p>\n\t\t\t\t\t\t\t\t<\/div>\n\t\t\t\t<\/div>\n\t\t\t\t<div class=\"elementor-element elementor-element-dd6929c elementor-widget elementor-widget-heading\" data-id=\"dd6929c\" data-element_type=\"widget\" data-e-type=\"widget\" data-widget_type=\"heading.default\">\n\t\t\t\t<div class=\"elementor-widget-container\">\n\t\t\t\t\t<h2 class=\"elementor-heading-title elementor-size-default\">Conceptos<\/h2>\t\t\t\t<\/div>\n\t\t\t\t<\/div>\n\t\t\t\t<div class=\"elementor-element elementor-element-e709df3 elementor-widget elementor-widget-text-editor\" data-id=\"e709df3\" data-element_type=\"widget\" data-e-type=\"widget\" data-widget_type=\"text-editor.default\">\n\t\t\t\t<div class=\"elementor-widget-container\">\n\t\t\t\t\t\t\t\t\t<p>Dentro de Robor Nature hay varios conceptos:<\/p>\n<ul>\n<li><a href=\"https:\/\/www.robor-nature.eu\/oplossingen\/faunadrone\/\">Faunadrone<\/a><\/li>\n<li><a href=\"https:\/\/www.robor-nature.eu\/oplossingen\/slimme-kooi\/\">Jaula inteligente (ratas almizcleras)<\/a><\/li>\n<li><a href=\"https:\/\/www.robor-nature.eu\/oplossingen\/wolfalarm\/\">Wolfalarm<\/a><\/li>\n<li><a href=\"https:\/\/www.robor-nature.eu\/es\/soluciones\/avispa-asiatica\/\">Avispa asi\u00e1tica<\/a><\/li>\n<\/ul>\n\t\t\t\t\t\t\t\t<\/div>\n\t\t\t\t<\/div>\n\t\t\t\t\t<\/div>\n\t\t<\/div>\n\t\t\t\t\t<\/div>\n\t\t<\/section>\n\t\t\t\t\t<\/div>\n\t\t<\/div>\n\t\t\t\t\t<\/div>\n\t\t<\/section>\n\t\t\t\t<section class=\"elementor-section elementor-top-section elementor-element elementor-element-f2d4057 elementor-section-boxed elementor-section-height-default elementor-section-height-default\" data-id=\"f2d4057\" data-element_type=\"section\" data-e-type=\"section\" data-settings=\"{&quot;background_background&quot;:&quot;classic&quot;}\">\n\t\t\t\t\t\t<div class=\"elementor-container elementor-column-gap-default\">\n\t\t\t\t\t<div class=\"elementor-column elementor-col-100 elementor-top-column elementor-element elementor-element-adf1964\" data-id=\"adf1964\" data-element_type=\"column\" data-e-type=\"column\">\n\t\t\t<div class=\"elementor-widget-wrap elementor-element-populated\">\n\t\t\t\t\t\t<div class=\"elementor-element elementor-element-ab81049 elementor-widget elementor-widget-heading\" data-id=\"ab81049\" data-element_type=\"widget\" data-e-type=\"widget\" data-widget_type=\"heading.default\">\n\t\t\t\t<div class=\"elementor-widget-container\">\n\t\t\t\t\t<h3 class=\"elementor-heading-title elementor-size-default\">\u00bfPor qu\u00e9 elegirnos?<\/h3>\t\t\t\t<\/div>\n\t\t\t\t<\/div>\n\t\t\t\t<div class=\"elementor-element elementor-element-f519e1e elementor-widget-divider--view-line_icon elementor-view-default elementor-widget-divider--element-align-center elementor-widget elementor-widget-divider\" data-id=\"f519e1e\" data-element_type=\"widget\" data-e-type=\"widget\" data-widget_type=\"divider.default\">\n\t\t\t\t<div class=\"elementor-widget-container\">\n\t\t\t\t\t\t\t<div class=\"elementor-divider\">\n\t\t\t<span class=\"elementor-divider-separator\">\n\t\t\t\t\t\t\t<div class=\"elementor-icon elementor-divider__element\">\n\t\t\t\t\t<i aria-hidden=\"true\" class=\"fas fa-leaf\"><\/i><\/div>\n\t\t\t\t\t\t<\/span>\n\t\t<\/div>\n\t\t\t\t\t\t<\/div>\n\t\t\t\t<\/div>\n\t\t\t\t<div class=\"elementor-element elementor-element-54c2881 elementor-widget elementor-widget-text-editor\" data-id=\"54c2881\" data-element_type=\"widget\" data-e-type=\"widget\" data-widget_type=\"text-editor.default\">\n\t\t\t\t<div class=\"elementor-widget-container\">\n\t\t\t\t\t\t\t\t\t<p>La flora y la fauna son importantes para nosotros y, en Robor Nature, ponemos m\u00e1s \u00e9nfasis en la fauna. Nos apasionan los animales y queremos salvar, ayudar y proteger a todos los seres vivos. Por eso, en Robor Nature hemos creado conceptos s\u00f3lidos que nos permiten comprometernos con los animales.  <\/p>\n<p>Hay varias partes que se benefician de nuestras soluciones Robor Nature. Desde el guardabosques hasta el granjero y las ambulancias para animales, cada uno tiene intereses diferentes. En Robor Nature ofrecemos aplicaciones pr\u00e1cticas y abordamos las cosas de una manera m\u00e1s pr\u00e1ctica e inteligente. Adem\u00e1s, nos aseguramos de que la soluci\u00f3n sea adecuada para todas las partes implicadas.   <\/p>\t\t\t\t\t\t\t\t<\/div>\n\t\t\t\t<\/div>\n\t\t\t\t\t<\/div>\n\t\t<\/div>\n\t\t\t\t\t<\/div>\n\t\t<\/section>\n\t\t\t\t<\/div>\n\t\t","protected":false},"excerpt":{"rendered":"<p>Acerca de nosotros \u00bfQui\u00e9nes somos? Desde nuestra pasi\u00f3n por proteger la vida y la naturaleza de una manera \u00fanica, nos hemos especializado en conceptos innovadores relacionados con la naturaleza durante los \u00faltimos 10 a\u00f1os. En Robor Electronics desarrollamos aplicaciones electr\u00f3nicas y software para comprometernos con las personas, los animales y la naturaleza. Ante cualquier problema [&hellip;]<\/p>\n","protected":false},"author":3,"featured_media":0,"parent":0,"menu_order":0,"comment_status":"closed","ping_status":"closed","template":"elementor_header_footer","meta":{"footnotes":""},"class_list":["post-5519","page","type-page","status-publish","hentry"],"yoast_head":"<!-- This site is optimized with the Yoast SEO plugin v27.4 - https:\/\/yoast.com\/product\/yoast-seo-wordpress\/ -->\n<title>Acerca de nosotros - Robor Nature<\/title>\n<meta name=\"robots\" content=\"index, follow, max-snippet:-1, max-image-preview:large, max-video-preview:-1\" \/>\n<link rel=\"canonical\" href=\"https:\/\/www.robor-nature.com\/es\/acerca-de-nosotros\/\" \/>\n<meta property=\"og:locale\" content=\"es_ES\" \/>\n<meta property=\"og:type\" content=\"article\" \/>\n<meta property=\"og:title\" content=\"Acerca de nosotros - Robor Nature\" \/>\n<meta property=\"og:description\" content=\"Acerca de nosotros \u00bfQui\u00e9nes somos? Desde nuestra pasi\u00f3n por proteger la vida y la naturaleza de una manera \u00fanica, nos hemos especializado en conceptos innovadores relacionados con la naturaleza durante los \u00faltimos 10 a\u00f1os. En Robor Electronics desarrollamos aplicaciones electr\u00f3nicas y software para comprometernos con las personas, los animales y la naturaleza. Ante cualquier problema [&hellip;]\" \/>\n<meta property=\"og:url\" content=\"https:\/\/www.robor-nature.com\/es\/acerca-de-nosotros\/\" \/>\n<meta property=\"og:site_name\" content=\"Robor Nature\" \/>\n<meta property=\"article:modified_time\" content=\"2026-01-24T11:11:03+00:00\" \/>\n<meta property=\"og:image\" content=\"https:\/\/www.robor-nature.eu\/wp-content\/uploads\/2021\/11\/RN03-768x553.jpg\" \/>\n<meta name=\"twitter:card\" content=\"summary_large_image\" \/>\n<meta name=\"twitter:label1\" content=\"Tiempo de lectura\" \/>\n\t<meta name=\"twitter:data1\" content=\"2 minutos\" \/>\n<script type=\"application\/ld+json\" class=\"yoast-schema-graph\">{\"@context\":\"https:\\\/\\\/schema.org\",\"@graph\":[{\"@type\":\"WebPage\",\"@id\":\"https:\\\/\\\/www.robor-nature.com\\\/es\\\/acerca-de-nosotros\\\/\",\"url\":\"https:\\\/\\\/www.robor-nature.com\\\/es\\\/acerca-de-nosotros\\\/\",\"name\":\"Acerca de nosotros - Robor Nature\",\"isPartOf\":{\"@id\":\"https:\\\/\\\/www.robor-nature.eu\\\/#website\"},\"primaryImageOfPage\":{\"@id\":\"https:\\\/\\\/www.robor-nature.com\\\/es\\\/acerca-de-nosotros\\\/#primaryimage\"},\"image\":{\"@id\":\"https:\\\/\\\/www.robor-nature.com\\\/es\\\/acerca-de-nosotros\\\/#primaryimage\"},\"thumbnailUrl\":\"https:\\\/\\\/www.robor-nature.eu\\\/wp-content\\\/uploads\\\/2021\\\/11\\\/RN03-768x553.jpg\",\"datePublished\":\"2021-10-25T10:13:33+00:00\",\"dateModified\":\"2026-01-24T11:11:03+00:00\",\"breadcrumb\":{\"@id\":\"https:\\\/\\\/www.robor-nature.com\\\/es\\\/acerca-de-nosotros\\\/#breadcrumb\"},\"inLanguage\":\"es\",\"potentialAction\":[{\"@type\":\"ReadAction\",\"target\":[\"https:\\\/\\\/www.robor-nature.com\\\/es\\\/acerca-de-nosotros\\\/\"]}]},{\"@type\":\"ImageObject\",\"inLanguage\":\"es\",\"@id\":\"https:\\\/\\\/www.robor-nature.com\\\/es\\\/acerca-de-nosotros\\\/#primaryimage\",\"url\":\"https:\\\/\\\/www.robor-nature.eu\\\/wp-content\\\/uploads\\\/2021\\\/11\\\/RN03-768x553.jpg\",\"contentUrl\":\"https:\\\/\\\/www.robor-nature.eu\\\/wp-content\\\/uploads\\\/2021\\\/11\\\/RN03-768x553.jpg\"},{\"@type\":\"BreadcrumbList\",\"@id\":\"https:\\\/\\\/www.robor-nature.com\\\/es\\\/acerca-de-nosotros\\\/#breadcrumb\",\"itemListElement\":[{\"@type\":\"ListItem\",\"position\":1,\"name\":\"Home\",\"item\":\"https:\\\/\\\/www.robor-nature.eu\\\/es\\\/\"},{\"@type\":\"ListItem\",\"position\":2,\"name\":\"Acerca de nosotros\"}]},{\"@type\":\"WebSite\",\"@id\":\"https:\\\/\\\/www.robor-nature.eu\\\/#website\",\"url\":\"https:\\\/\\\/www.robor-nature.eu\\\/\",\"name\":\"Robor Nature\",\"description\":\"\",\"publisher\":{\"@id\":\"https:\\\/\\\/www.robor-nature.eu\\\/#organization\"},\"potentialAction\":[{\"@type\":\"SearchAction\",\"target\":{\"@type\":\"EntryPoint\",\"urlTemplate\":\"https:\\\/\\\/www.robor-nature.eu\\\/?s={search_term_string}\"},\"query-input\":{\"@type\":\"PropertyValueSpecification\",\"valueRequired\":true,\"valueName\":\"search_term_string\"}}],\"inLanguage\":\"es\"},{\"@type\":\"Organization\",\"@id\":\"https:\\\/\\\/www.robor-nature.eu\\\/#organization\",\"name\":\"Robor Nature\",\"url\":\"https:\\\/\\\/www.robor-nature.eu\\\/\",\"logo\":{\"@type\":\"ImageObject\",\"inLanguage\":\"es\",\"@id\":\"https:\\\/\\\/www.robor-nature.eu\\\/#\\\/schema\\\/logo\\\/image\\\/\",\"url\":\"https:\\\/\\\/www.robor-nature.com\\\/wp-content\\\/uploads\\\/2021\\\/10\\\/cropped-Logo_Robor-300ppi-01.png\",\"contentUrl\":\"https:\\\/\\\/www.robor-nature.com\\\/wp-content\\\/uploads\\\/2021\\\/10\\\/cropped-Logo_Robor-300ppi-01.png\",\"width\":240,\"height\":100,\"caption\":\"Robor Nature\"},\"image\":{\"@id\":\"https:\\\/\\\/www.robor-nature.eu\\\/#\\\/schema\\\/logo\\\/image\\\/\"}}]}<\/script>\n<!-- \/ Yoast SEO plugin. -->","yoast_head_json":{"title":"Acerca de nosotros - Robor Nature","robots":{"index":"index","follow":"follow","max-snippet":"max-snippet:-1","max-image-preview":"max-image-preview:large","max-video-preview":"max-video-preview:-1"},"canonical":"https:\/\/www.robor-nature.com\/es\/acerca-de-nosotros\/","og_locale":"es_ES","og_type":"article","og_title":"Acerca de nosotros - Robor Nature","og_description":"Acerca de nosotros \u00bfQui\u00e9nes somos? Desde nuestra pasi\u00f3n por proteger la vida y la naturaleza de una manera \u00fanica, nos hemos especializado en conceptos innovadores relacionados con la naturaleza durante los \u00faltimos 10 a\u00f1os. En Robor Electronics desarrollamos aplicaciones electr\u00f3nicas y software para comprometernos con las personas, los animales y la naturaleza. Ante cualquier problema [&hellip;]","og_url":"https:\/\/www.robor-nature.com\/es\/acerca-de-nosotros\/","og_site_name":"Robor Nature","article_modified_time":"2026-01-24T11:11:03+00:00","og_image":[{"url":"https:\/\/www.robor-nature.eu\/wp-content\/uploads\/2021\/11\/RN03-768x553.jpg","type":"","width":"","height":""}],"twitter_card":"summary_large_image","twitter_misc":{"Tiempo de lectura":"2 minutos"},"schema":{"@context":"https:\/\/schema.org","@graph":[{"@type":"WebPage","@id":"https:\/\/www.robor-nature.com\/es\/acerca-de-nosotros\/","url":"https:\/\/www.robor-nature.com\/es\/acerca-de-nosotros\/","name":"Acerca de nosotros - Robor Nature","isPartOf":{"@id":"https:\/\/www.robor-nature.eu\/#website"},"primaryImageOfPage":{"@id":"https:\/\/www.robor-nature.com\/es\/acerca-de-nosotros\/#primaryimage"},"image":{"@id":"https:\/\/www.robor-nature.com\/es\/acerca-de-nosotros\/#primaryimage"},"thumbnailUrl":"https:\/\/www.robor-nature.eu\/wp-content\/uploads\/2021\/11\/RN03-768x553.jpg","datePublished":"2021-10-25T10:13:33+00:00","dateModified":"2026-01-24T11:11:03+00:00","breadcrumb":{"@id":"https:\/\/www.robor-nature.com\/es\/acerca-de-nosotros\/#breadcrumb"},"inLanguage":"es","potentialAction":[{"@type":"ReadAction","target":["https:\/\/www.robor-nature.com\/es\/acerca-de-nosotros\/"]}]},{"@type":"ImageObject","inLanguage":"es","@id":"https:\/\/www.robor-nature.com\/es\/acerca-de-nosotros\/#primaryimage","url":"https:\/\/www.robor-nature.eu\/wp-content\/uploads\/2021\/11\/RN03-768x553.jpg","contentUrl":"https:\/\/www.robor-nature.eu\/wp-content\/uploads\/2021\/11\/RN03-768x553.jpg"},{"@type":"BreadcrumbList","@id":"https:\/\/www.robor-nature.com\/es\/acerca-de-nosotros\/#breadcrumb","itemListElement":[{"@type":"ListItem","position":1,"name":"Home","item":"https:\/\/www.robor-nature.eu\/es\/"},{"@type":"ListItem","position":2,"name":"Acerca de nosotros"}]},{"@type":"WebSite","@id":"https:\/\/www.robor-nature.eu\/#website","url":"https:\/\/www.robor-nature.eu\/","name":"Robor Nature","description":"","publisher":{"@id":"https:\/\/www.robor-nature.eu\/#organization"},"potentialAction":[{"@type":"SearchAction","target":{"@type":"EntryPoint","urlTemplate":"https:\/\/www.robor-nature.eu\/?s={search_term_string}"},"query-input":{"@type":"PropertyValueSpecification","valueRequired":true,"valueName":"search_term_string"}}],"inLanguage":"es"},{"@type":"Organization","@id":"https:\/\/www.robor-nature.eu\/#organization","name":"Robor Nature","url":"https:\/\/www.robor-nature.eu\/","logo":{"@type":"ImageObject","inLanguage":"es","@id":"https:\/\/www.robor-nature.eu\/#\/schema\/logo\/image\/","url":"https:\/\/www.robor-nature.com\/wp-content\/uploads\/2021\/10\/cropped-Logo_Robor-300ppi-01.png","contentUrl":"https:\/\/www.robor-nature.com\/wp-content\/uploads\/2021\/10\/cropped-Logo_Robor-300ppi-01.png","width":240,"height":100,"caption":"Robor Nature"},"image":{"@id":"https:\/\/www.robor-nature.eu\/#\/schema\/logo\/image\/"}}]}},"_links":{"self":[{"href":"https:\/\/www.robor-nature.com\/es\/wp-json\/wp\/v2\/pages\/5519","targetHints":{"allow":["GET"]}}],"collection":[{"href":"https:\/\/www.robor-nature.com\/es\/wp-json\/wp\/v2\/pages"}],"about":[{"href":"https:\/\/www.robor-nature.com\/es\/wp-json\/wp\/v2\/types\/page"}],"author":[{"embeddable":true,"href":"https:\/\/www.robor-nature.com\/es\/wp-json\/wp\/v2\/users\/3"}],"replies":[{"embeddable":true,"href":"https:\/\/www.robor-nature.com\/es\/wp-json\/wp\/v2\/comments?post=5519"}],"version-history":[{"count":1,"href":"https:\/\/www.robor-nature.com\/es\/wp-json\/wp\/v2\/pages\/5519\/revisions"}],"predecessor-version":[{"id":5520,"href":"https:\/\/www.robor-nature.com\/es\/wp-json\/wp\/v2\/pages\/5519\/revisions\/5520"}],"wp:attachment":[{"href":"https:\/\/www.robor-nature.com\/es\/wp-json\/wp\/v2\/media?parent=5519"}],"curies":[{"name":"wp","href":"https:\/\/api.w.org\/{rel}","templated":true}]}}