{"id":4931,"date":"2022-03-28T10:28:43","date_gmt":"2022-03-28T09:28:43","guid":{"rendered":"https:\/\/www.robor-nature.eu\/solutions\/cage-intelligente\/"},"modified":"2024-10-21T09:51:51","modified_gmt":"2024-10-21T08:51:51","slug":"cage-intelligente","status":"publish","type":"page","link":"https:\/\/www.robor-nature.com\/fr\/solutions\/cage-intelligente\/","title":{"rendered":"Cage intelligente"},"content":{"rendered":"\t\t<div data-elementor-type=\"wp-page\" data-elementor-id=\"4931\" class=\"elementor elementor-4931 elementor-3563\" data-elementor-post-type=\"page\">\n\t\t\t\t\t\t<section class=\"elementor-section elementor-top-section elementor-element elementor-element-0e4d4c7 elementor-section-height-min-height elementor-section-boxed elementor-section-height-default elementor-section-items-middle\" data-id=\"0e4d4c7\" data-element_type=\"section\" data-e-type=\"section\" data-settings=\"{&quot;background_background&quot;:&quot;classic&quot;}\">\n\t\t\t\t\t\t\t<div class=\"elementor-background-overlay\"><\/div>\n\t\t\t\t\t\t\t<div class=\"elementor-container elementor-column-gap-default\">\n\t\t\t\t\t<div class=\"elementor-column elementor-col-100 elementor-top-column elementor-element elementor-element-97ddca3\" data-id=\"97ddca3\" data-element_type=\"column\" data-e-type=\"column\">\n\t\t\t<div class=\"elementor-widget-wrap elementor-element-populated\">\n\t\t\t\t\t\t<div class=\"elementor-element elementor-element-d702329 elementor-widget elementor-widget-heading\" data-id=\"d702329\" data-element_type=\"widget\" data-e-type=\"widget\" data-widget_type=\"heading.default\">\n\t\t\t\t<div class=\"elementor-widget-container\">\n\t\t\t\t\t<h3 class=\"elementor-heading-title elementor-size-default\">Cage intelligente<\/h3>\t\t\t\t<\/div>\n\t\t\t\t<\/div>\n\t\t\t\t<div class=\"elementor-element elementor-element-6b80305 elementor-widget-divider--view-line_icon elementor-view-default elementor-widget-divider--element-align-center elementor-widget elementor-widget-divider\" data-id=\"6b80305\" data-element_type=\"widget\" data-e-type=\"widget\" data-widget_type=\"divider.default\">\n\t\t\t\t<div class=\"elementor-widget-container\">\n\t\t\t\t\t\t\t<div class=\"elementor-divider\">\n\t\t\t<span class=\"elementor-divider-separator\">\n\t\t\t\t\t\t\t<div class=\"elementor-icon elementor-divider__element\">\n\t\t\t\t\t<i aria-hidden=\"true\" class=\"fab fa-canadian-maple-leaf\"><\/i><\/div>\n\t\t\t\t\t\t<\/span>\n\t\t<\/div>\n\t\t\t\t\t\t<\/div>\n\t\t\t\t<\/div>\n\t\t\t\t\t<\/div>\n\t\t<\/div>\n\t\t\t\t\t<\/div>\n\t\t<\/section>\n\t\t\t\t<section class=\"elementor-section elementor-top-section elementor-element elementor-element-fe03842 elementor-section-boxed elementor-section-height-default elementor-section-height-default\" data-id=\"fe03842\" data-element_type=\"section\" data-e-type=\"section\" data-settings=\"{&quot;background_background&quot;:&quot;classic&quot;}\">\n\t\t\t\t\t\t<div class=\"elementor-container elementor-column-gap-default\">\n\t\t\t\t\t<div class=\"elementor-column elementor-col-50 elementor-top-column elementor-element elementor-element-d182b4d\" data-id=\"d182b4d\" data-element_type=\"column\" data-e-type=\"column\">\n\t\t\t<div class=\"elementor-widget-wrap elementor-element-populated\">\n\t\t\t\t\t\t<div class=\"elementor-element elementor-element-66a8d6c elementor-widget elementor-widget-video\" data-id=\"66a8d6c\" data-element_type=\"widget\" data-e-type=\"widget\" data-settings=\"{&quot;video_type&quot;:&quot;hosted&quot;,&quot;controls&quot;:&quot;yes&quot;}\" data-widget_type=\"video.default\">\n\t\t\t\t<div class=\"elementor-widget-container\">\n\t\t\t\t\t\t\t<div class=\"e-hosted-video elementor-wrapper elementor-open-inline\">\n\t\t\t\t\t<video class=\"elementor-video\" src=\"http:\/\/www.robor-nature.eu\/wp-content\/uploads\/2022\/04\/video.mp4\" controls=\"\" preload=\"metadata\" controlsList=\"nodownload\"><\/video>\n\t\t\t\t<\/div>\n\t\t\t\t\t\t<\/div>\n\t\t\t\t<\/div>\n\t\t\t\t\t<\/div>\n\t\t<\/div>\n\t\t\t\t<div class=\"elementor-column elementor-col-50 elementor-top-column elementor-element elementor-element-ba0303d\" data-id=\"ba0303d\" data-element_type=\"column\" data-e-type=\"column\">\n\t\t\t<div class=\"elementor-widget-wrap elementor-element-populated\">\n\t\t\t\t\t\t<div class=\"elementor-element elementor-element-a00b973 elementor-widget elementor-widget-heading\" data-id=\"a00b973\" data-element_type=\"widget\" data-e-type=\"widget\" data-widget_type=\"heading.default\">\n\t\t\t\t<div class=\"elementor-widget-container\">\n\t\t\t\t\t<h2 class=\"elementor-heading-title elementor-size-default\">Cage intelligente<\/h2>\t\t\t\t<\/div>\n\t\t\t\t<\/div>\n\t\t\t\t<div class=\"elementor-element elementor-element-77a88ed elementor-widget elementor-widget-text-editor\" data-id=\"77a88ed\" data-element_type=\"widget\" data-e-type=\"widget\" data-widget_type=\"text-editor.default\">\n\t\t\t\t<div class=\"elementor-widget-container\">\n\t\t\t\t\t\t\t\t\t<p>Le rat musqu\u00e9 et le rat castor sont des esp\u00e8ces invasives, c&rsquo;est-\u00e0-dire qu&rsquo;ils n&rsquo;appartiennent pas naturellement aux Pays-Bas. Pourtant, ils y sont pr\u00e9sents et causent de nombreux d\u00e9g\u00e2ts aux digues et aux cours d&rsquo;eau aux Pays-Bas, en Allemagne et en Belgique, entre autres. Ces animaux doivent donc \u00eatre contr\u00f4l\u00e9s. Les rats musqu\u00e9s sont captur\u00e9s vivants, ce qui prend beaucoup de temps.   <\/p>\n<p>Les cages de capture actuelles utilis\u00e9es pour attraper les rats musqu\u00e9s doivent \u00eatre inspect\u00e9es toutes les 24 heures. En effet, d&rsquo;autres animaux (prot\u00e9g\u00e9s) peuvent \u00e9galement tomber dans le pi\u00e8ge et il est important de les rel\u00e2cher le plus rapidement possible. C&rsquo;est pourquoi Robor Nature a con\u00e7u la cage intelligente. La cage intelligente fonctionne avec un syst\u00e8me de d\u00e9tection extr\u00eamement intelligent qui filtre les captures involontaires. Ainsi, la porte de la cage ne se ferme que lorsqu&rsquo;un rat musqu\u00e9 ou un rat castor se trouve \u00e0 l&rsquo;int\u00e9rieur, et pour les autres animaux, la porte reste ouverte.    <\/p>\n\t\t\t\t\t\t\t\t<\/div>\n\t\t\t\t<\/div>\n\t\t\t\t\t<\/div>\n\t\t<\/div>\n\t\t\t\t\t<\/div>\n\t\t<\/section>\n\t\t\t\t<section class=\"elementor-section elementor-top-section elementor-element elementor-element-045aaa9 elementor-section-boxed elementor-section-height-default elementor-section-height-default\" data-id=\"045aaa9\" data-element_type=\"section\" data-e-type=\"section\" data-settings=\"{&quot;background_background&quot;:&quot;classic&quot;}\">\n\t\t\t\t\t\t<div class=\"elementor-container elementor-column-gap-default\">\n\t\t\t\t\t<div class=\"elementor-column elementor-col-100 elementor-top-column elementor-element elementor-element-8a86a40\" data-id=\"8a86a40\" data-element_type=\"column\" data-e-type=\"column\">\n\t\t\t<div class=\"elementor-widget-wrap elementor-element-populated\">\n\t\t\t\t\t\t<div class=\"elementor-element elementor-element-3fd7ff5 elementor-widget elementor-widget-gallery\" data-id=\"3fd7ff5\" data-element_type=\"widget\" data-e-type=\"widget\" data-settings=\"{&quot;aspect_ratio&quot;:&quot;1:1&quot;,&quot;lazyload&quot;:&quot;yes&quot;,&quot;gallery_layout&quot;:&quot;grid&quot;,&quot;columns&quot;:4,&quot;columns_tablet&quot;:2,&quot;columns_mobile&quot;:1,&quot;gap&quot;:{&quot;unit&quot;:&quot;px&quot;,&quot;size&quot;:10,&quot;sizes&quot;:[]},&quot;gap_tablet&quot;:{&quot;unit&quot;:&quot;px&quot;,&quot;size&quot;:10,&quot;sizes&quot;:[]},&quot;gap_mobile&quot;:{&quot;unit&quot;:&quot;px&quot;,&quot;size&quot;:10,&quot;sizes&quot;:[]},&quot;overlay_background&quot;:&quot;yes&quot;,&quot;content_hover_animation&quot;:&quot;fade-in&quot;}\" data-widget_type=\"gallery.default\">\n\t\t\t\t<div class=\"elementor-widget-container\">\n\t\t\t\t\t\t\t<div class=\"elementor-gallery__container\">\n\t\t\t\t\t\t\t<div class=\"e-gallery-item elementor-gallery-item elementor-animated-content\">\n\t\t\t\t\t<div class=\"e-gallery-image elementor-gallery-item__image\" data-thumbnail=\"https:\/\/www.robor-nature.eu\/wp-content\/uploads\/2022\/03\/IMG_0209-768x576.jpg\" data-width=\"768\" data-height=\"576\" aria-label=\"\" role=\"img\" ><\/div>\n\t\t\t\t\t\t\t\t\t\t\t<div class=\"elementor-gallery-item__overlay\"><\/div>\n\t\t\t\t\t\t\t\t\t\t\t\t\t\t<\/div>\n\t\t\t\t\t\t\t<div class=\"e-gallery-item elementor-gallery-item elementor-animated-content\">\n\t\t\t\t\t<div class=\"e-gallery-image elementor-gallery-item__image\" data-thumbnail=\"https:\/\/www.robor-nature.eu\/wp-content\/uploads\/2022\/03\/IMAG0236-768x492.jpg\" data-width=\"768\" data-height=\"492\" aria-label=\"\" role=\"img\" ><\/div>\n\t\t\t\t\t\t\t\t\t\t\t<div class=\"elementor-gallery-item__overlay\"><\/div>\n\t\t\t\t\t\t\t\t\t\t\t\t\t\t<\/div>\n\t\t\t\t\t\t\t<div class=\"e-gallery-item elementor-gallery-item elementor-animated-content\">\n\t\t\t\t\t<div class=\"e-gallery-image elementor-gallery-item__image\" data-thumbnail=\"https:\/\/www.robor-nature.eu\/wp-content\/uploads\/2022\/03\/1-768x541.jpg\" data-width=\"768\" data-height=\"541\" aria-label=\"\" role=\"img\" ><\/div>\n\t\t\t\t\t\t\t\t\t\t\t<div class=\"elementor-gallery-item__overlay\"><\/div>\n\t\t\t\t\t\t\t\t\t\t\t\t\t\t<\/div>\n\t\t\t\t\t\t\t<div class=\"e-gallery-item elementor-gallery-item elementor-animated-content\">\n\t\t\t\t\t<div class=\"e-gallery-image elementor-gallery-item__image\" data-thumbnail=\"https:\/\/www.robor-nature.eu\/wp-content\/uploads\/2022\/03\/WBE_20220105_0588-768x524.jpg\" data-width=\"768\" data-height=\"524\" aria-label=\"\" role=\"img\" ><\/div>\n\t\t\t\t\t\t\t\t\t\t\t<div class=\"elementor-gallery-item__overlay\"><\/div>\n\t\t\t\t\t\t\t\t\t\t\t\t\t\t<\/div>\n\t\t\t\t\t<\/div>\n\t\t\t\t\t<\/div>\n\t\t\t\t<\/div>\n\t\t\t\t\t<\/div>\n\t\t<\/div>\n\t\t\t\t\t<\/div>\n\t\t<\/section>\n\t\t\t\t<\/div>\n\t\t","protected":false},"excerpt":{"rendered":"<p>Cage intelligente http:\/\/www.robor-nature.eu\/wp-content\/uploads\/2022\/04\/video.mp4 Cage intelligente Le rat musqu\u00e9 et le rat castor sont des esp\u00e8ces invasives, c&rsquo;est-\u00e0-dire qu&rsquo;ils n&rsquo;appartiennent pas naturellement aux Pays-Bas. Pourtant, ils y sont pr\u00e9sents et causent de nombreux d\u00e9g\u00e2ts aux digues et aux cours d&rsquo;eau aux Pays-Bas, en Allemagne et en Belgique, entre autres. Ces animaux doivent donc \u00eatre contr\u00f4l\u00e9s. Les [&hellip;]<\/p>\n","protected":false},"author":3,"featured_media":0,"parent":4894,"menu_order":0,"comment_status":"closed","ping_status":"closed","template":"elementor_header_footer","meta":{"footnotes":""},"class_list":["post-4931","page","type-page","status-publish","hentry"],"yoast_head":"<!-- This site is optimized with the Yoast SEO plugin v27.4 - https:\/\/yoast.com\/product\/yoast-seo-wordpress\/ -->\n<title>Cage intelligente - Robor Nature<\/title>\n<meta name=\"robots\" content=\"index, follow, max-snippet:-1, max-image-preview:large, max-video-preview:-1\" \/>\n<link rel=\"canonical\" href=\"https:\/\/www.robor-nature.com\/fr\/solutions\/cage-intelligente\/\" \/>\n<meta property=\"og:locale\" content=\"fr_FR\" \/>\n<meta property=\"og:type\" content=\"article\" \/>\n<meta property=\"og:title\" content=\"Cage intelligente - Robor Nature\" \/>\n<meta property=\"og:description\" content=\"Cage intelligente http:\/\/www.robor-nature.eu\/wp-content\/uploads\/2022\/04\/video.mp4 Cage intelligente Le rat musqu\u00e9 et le rat castor sont des esp\u00e8ces invasives, c&rsquo;est-\u00e0-dire qu&rsquo;ils n&rsquo;appartiennent pas naturellement aux Pays-Bas. Pourtant, ils y sont pr\u00e9sents et causent de nombreux d\u00e9g\u00e2ts aux digues et aux cours d&rsquo;eau aux Pays-Bas, en Allemagne et en Belgique, entre autres. Ces animaux doivent donc \u00eatre contr\u00f4l\u00e9s. Les [&hellip;]\" \/>\n<meta property=\"og:url\" content=\"https:\/\/www.robor-nature.com\/fr\/solutions\/cage-intelligente\/\" \/>\n<meta property=\"og:site_name\" content=\"Robor Nature\" \/>\n<meta property=\"article:modified_time\" content=\"2024-10-21T08:51:51+00:00\" \/>\n<meta name=\"twitter:card\" content=\"summary_large_image\" \/>\n<meta name=\"twitter:label1\" content=\"Dur\u00e9e de lecture estim\u00e9e\" \/>\n\t<meta name=\"twitter:data1\" content=\"1 minute\" \/>\n<script type=\"application\/ld+json\" class=\"yoast-schema-graph\">{\"@context\":\"https:\\\/\\\/schema.org\",\"@graph\":[{\"@type\":\"WebPage\",\"@id\":\"https:\\\/\\\/www.robor-nature.com\\\/fr\\\/solutions\\\/cage-intelligente\\\/\",\"url\":\"https:\\\/\\\/www.robor-nature.com\\\/fr\\\/solutions\\\/cage-intelligente\\\/\",\"name\":\"Cage intelligente - Robor Nature\",\"isPartOf\":{\"@id\":\"https:\\\/\\\/www.robor-nature.eu\\\/#website\"},\"datePublished\":\"2022-03-28T09:28:43+00:00\",\"dateModified\":\"2024-10-21T08:51:51+00:00\",\"breadcrumb\":{\"@id\":\"https:\\\/\\\/www.robor-nature.com\\\/fr\\\/solutions\\\/cage-intelligente\\\/#breadcrumb\"},\"inLanguage\":\"fr-FR\",\"potentialAction\":[{\"@type\":\"ReadAction\",\"target\":[\"https:\\\/\\\/www.robor-nature.com\\\/fr\\\/solutions\\\/cage-intelligente\\\/\"]}]},{\"@type\":\"BreadcrumbList\",\"@id\":\"https:\\\/\\\/www.robor-nature.com\\\/fr\\\/solutions\\\/cage-intelligente\\\/#breadcrumb\",\"itemListElement\":[{\"@type\":\"ListItem\",\"position\":1,\"name\":\"Home\",\"item\":\"https:\\\/\\\/www.robor-nature.eu\\\/fr\\\/\"},{\"@type\":\"ListItem\",\"position\":2,\"name\":\"Solutions\",\"item\":\"https:\\\/\\\/www.robor-nature.eu\\\/fr\\\/solutions\\\/\"},{\"@type\":\"ListItem\",\"position\":3,\"name\":\"Cage intelligente\"}]},{\"@type\":\"WebSite\",\"@id\":\"https:\\\/\\\/www.robor-nature.eu\\\/#website\",\"url\":\"https:\\\/\\\/www.robor-nature.eu\\\/\",\"name\":\"Robor Nature\",\"description\":\"\",\"publisher\":{\"@id\":\"https:\\\/\\\/www.robor-nature.eu\\\/#organization\"},\"potentialAction\":[{\"@type\":\"SearchAction\",\"target\":{\"@type\":\"EntryPoint\",\"urlTemplate\":\"https:\\\/\\\/www.robor-nature.eu\\\/?s={search_term_string}\"},\"query-input\":{\"@type\":\"PropertyValueSpecification\",\"valueRequired\":true,\"valueName\":\"search_term_string\"}}],\"inLanguage\":\"fr-FR\"},{\"@type\":\"Organization\",\"@id\":\"https:\\\/\\\/www.robor-nature.eu\\\/#organization\",\"name\":\"Robor Nature\",\"url\":\"https:\\\/\\\/www.robor-nature.eu\\\/\",\"logo\":{\"@type\":\"ImageObject\",\"inLanguage\":\"fr-FR\",\"@id\":\"https:\\\/\\\/www.robor-nature.eu\\\/#\\\/schema\\\/logo\\\/image\\\/\",\"url\":\"https:\\\/\\\/www.robor-nature.com\\\/wp-content\\\/uploads\\\/2021\\\/10\\\/cropped-Logo_Robor-300ppi-01.png\",\"contentUrl\":\"https:\\\/\\\/www.robor-nature.com\\\/wp-content\\\/uploads\\\/2021\\\/10\\\/cropped-Logo_Robor-300ppi-01.png\",\"width\":240,\"height\":100,\"caption\":\"Robor Nature\"},\"image\":{\"@id\":\"https:\\\/\\\/www.robor-nature.eu\\\/#\\\/schema\\\/logo\\\/image\\\/\"}}]}<\/script>\n<!-- \/ Yoast SEO plugin. -->","yoast_head_json":{"title":"Cage intelligente - Robor Nature","robots":{"index":"index","follow":"follow","max-snippet":"max-snippet:-1","max-image-preview":"max-image-preview:large","max-video-preview":"max-video-preview:-1"},"canonical":"https:\/\/www.robor-nature.com\/fr\/solutions\/cage-intelligente\/","og_locale":"fr_FR","og_type":"article","og_title":"Cage intelligente - Robor Nature","og_description":"Cage intelligente http:\/\/www.robor-nature.eu\/wp-content\/uploads\/2022\/04\/video.mp4 Cage intelligente Le rat musqu\u00e9 et le rat castor sont des esp\u00e8ces invasives, c&rsquo;est-\u00e0-dire qu&rsquo;ils n&rsquo;appartiennent pas naturellement aux Pays-Bas. Pourtant, ils y sont pr\u00e9sents et causent de nombreux d\u00e9g\u00e2ts aux digues et aux cours d&rsquo;eau aux Pays-Bas, en Allemagne et en Belgique, entre autres. Ces animaux doivent donc \u00eatre contr\u00f4l\u00e9s. Les [&hellip;]","og_url":"https:\/\/www.robor-nature.com\/fr\/solutions\/cage-intelligente\/","og_site_name":"Robor Nature","article_modified_time":"2024-10-21T08:51:51+00:00","twitter_card":"summary_large_image","twitter_misc":{"Dur\u00e9e de lecture estim\u00e9e":"1 minute"},"schema":{"@context":"https:\/\/schema.org","@graph":[{"@type":"WebPage","@id":"https:\/\/www.robor-nature.com\/fr\/solutions\/cage-intelligente\/","url":"https:\/\/www.robor-nature.com\/fr\/solutions\/cage-intelligente\/","name":"Cage intelligente - Robor Nature","isPartOf":{"@id":"https:\/\/www.robor-nature.eu\/#website"},"datePublished":"2022-03-28T09:28:43+00:00","dateModified":"2024-10-21T08:51:51+00:00","breadcrumb":{"@id":"https:\/\/www.robor-nature.com\/fr\/solutions\/cage-intelligente\/#breadcrumb"},"inLanguage":"fr-FR","potentialAction":[{"@type":"ReadAction","target":["https:\/\/www.robor-nature.com\/fr\/solutions\/cage-intelligente\/"]}]},{"@type":"BreadcrumbList","@id":"https:\/\/www.robor-nature.com\/fr\/solutions\/cage-intelligente\/#breadcrumb","itemListElement":[{"@type":"ListItem","position":1,"name":"Home","item":"https:\/\/www.robor-nature.eu\/fr\/"},{"@type":"ListItem","position":2,"name":"Solutions","item":"https:\/\/www.robor-nature.eu\/fr\/solutions\/"},{"@type":"ListItem","position":3,"name":"Cage intelligente"}]},{"@type":"WebSite","@id":"https:\/\/www.robor-nature.eu\/#website","url":"https:\/\/www.robor-nature.eu\/","name":"Robor Nature","description":"","publisher":{"@id":"https:\/\/www.robor-nature.eu\/#organization"},"potentialAction":[{"@type":"SearchAction","target":{"@type":"EntryPoint","urlTemplate":"https:\/\/www.robor-nature.eu\/?s={search_term_string}"},"query-input":{"@type":"PropertyValueSpecification","valueRequired":true,"valueName":"search_term_string"}}],"inLanguage":"fr-FR"},{"@type":"Organization","@id":"https:\/\/www.robor-nature.eu\/#organization","name":"Robor Nature","url":"https:\/\/www.robor-nature.eu\/","logo":{"@type":"ImageObject","inLanguage":"fr-FR","@id":"https:\/\/www.robor-nature.eu\/#\/schema\/logo\/image\/","url":"https:\/\/www.robor-nature.com\/wp-content\/uploads\/2021\/10\/cropped-Logo_Robor-300ppi-01.png","contentUrl":"https:\/\/www.robor-nature.com\/wp-content\/uploads\/2021\/10\/cropped-Logo_Robor-300ppi-01.png","width":240,"height":100,"caption":"Robor Nature"},"image":{"@id":"https:\/\/www.robor-nature.eu\/#\/schema\/logo\/image\/"}}]}},"_links":{"self":[{"href":"https:\/\/www.robor-nature.com\/fr\/wp-json\/wp\/v2\/pages\/4931","targetHints":{"allow":["GET"]}}],"collection":[{"href":"https:\/\/www.robor-nature.com\/fr\/wp-json\/wp\/v2\/pages"}],"about":[{"href":"https:\/\/www.robor-nature.com\/fr\/wp-json\/wp\/v2\/types\/page"}],"author":[{"embeddable":true,"href":"https:\/\/www.robor-nature.com\/fr\/wp-json\/wp\/v2\/users\/3"}],"replies":[{"embeddable":true,"href":"https:\/\/www.robor-nature.com\/fr\/wp-json\/wp\/v2\/comments?post=4931"}],"version-history":[{"count":1,"href":"https:\/\/www.robor-nature.com\/fr\/wp-json\/wp\/v2\/pages\/4931\/revisions"}],"predecessor-version":[{"id":4932,"href":"https:\/\/www.robor-nature.com\/fr\/wp-json\/wp\/v2\/pages\/4931\/revisions\/4932"}],"up":[{"embeddable":true,"href":"https:\/\/www.robor-nature.com\/fr\/wp-json\/wp\/v2\/pages\/4894"}],"wp:attachment":[{"href":"https:\/\/www.robor-nature.com\/fr\/wp-json\/wp\/v2\/media?parent=4931"}],"curies":[{"name":"wp","href":"https:\/\/api.w.org\/{rel}","templated":true}]}}